{"id":178,"date":"2025-12-29T11:21:05","date_gmt":"2025-12-29T11:21:05","guid":{"rendered":"https:\/\/adaptio.fr\/?page_id=178"},"modified":"2026-01-13T08:50:49","modified_gmt":"2026-01-13T08:50:49","slug":"mentions-legales","status":"publish","type":"page","link":"https:\/\/adaptio.fr\/index.php\/mentions-legales\/","title":{"rendered":"MENTIONS LEGALES"},"content":{"rendered":"\n<h2 class=\"wp-block-heading\">\u00c9dition<\/h2>\n\n\n\n<p>Ce site est \u00e9dit\u00e9 par :<br>ADAPTIO (ci-apr\u00e8s \u00ab l\u2019Editeur \u00bb)<br>SAS au capital de 1000\u20ac<br>5 BOULEVARD DU 11 NOVEMBRE 76140 LE PETIT-QUEVILLY<br>T\u00e9l\u00e9phone : 06 65 18 32 11<br>TVA intracommunautaire : FR67988600706<br>Le Directeur de la publication est Monsieur Nicolas DUBOC : <a href=\"mailto:contact@adaptio.fr\">contact@adaptio.fr<\/a><br><br>L\u2019\u00c9diteur exerce une activit\u00e9 r\u00e9glement\u00e9e d\u2019expertise comptable en France, et est \u00e0 ce titre inscrit au tableau de l\u2019Ordre de la r\u00e9gion NORMANDIE. Il est soumis aux r\u00e8gles professionnelles applicables \u00e0 sa profession consultable sur [adresse url \u00e0 compl\u00e9ter].<\/p>\n\n\n\n<h2 class=\"wp-block-heading\"><\/h2>\n\n\n\n<h2 class=\"wp-block-heading\">H\u00e9bergement<\/h2>\n\n\n\n<p>Ce Site est h\u00e9berg\u00e9 par\u00a0:\u00a0<br><mark>OVH SAS<br><\/mark>Si\u00e8ge social : <strong>2 rue Kellermann \u2013 59100 Roubaix \u2013 France<\/strong><br>RCS Lille M\u00e9tropole : <strong>424 761 419 00045<\/strong><\/p>\n\n\n\n<p>N\u00b0 TVA : <strong>FR22 424 761 419<\/strong><\/p>\n\n\n\n<p>T\u00e9l\u00e9phone (service client\/h\u00e9bergement) : <strong>09 72 10 10 07<\/strong><\/p>\n\n\n\n<p>Site web : <strong><a>www.ovhcloud.com<\/a><\/strong><br>La consultation du site est subordonn\u00e9e \u00e0 l\u2019acceptation int\u00e9grale et au respect par les internautes, des conditions<br><br>L\u2019internaute s\u2019engage \u00e0 faire un usage personnel et non commercial des informations contenues sur le site. En cas de non-respect des dispositions des pr\u00e9sentes, par l\u2019internaute, sa responsabilit\u00e9 civile et\/ou p\u00e9nale pourrai(en)t se voir engag\u00e9e(s). d\u2019utilisation suivantes.<\/p>\n\n\n\n<h2 class=\"wp-block-heading\">Contenu du site<\/h2>\n\n\n\n<p>Le site est exploit\u00e9 par l\u2019Editeur. Il pr\u00e9sente l\u2019activit\u00e9 et les services comptables propos\u00e9s par l\u2019Editeur, et leur offre la possibilit\u00e9 de formuler une demande en remplissant les formulaires de contact ou de recrutement cr\u00e9\u00e9s \u00e0 cet effet.<br><br>L\u2019\u00c9diteur ne peut garantir l\u2019exactitude, la pr\u00e9cision, l\u2019actualisation ou l\u2019exhaustivit\u00e9 des informations pr\u00e9sent\u00e9es sur ce site. En cons\u00e9quence, l\u2019Editeur d\u00e9cline toute responsabilit\u00e9 pour les \u00e9ventuelles impr\u00e9cisions, inexactitudes ou omissions portant sur des informations disponibles sur ce site.<\/p>\n\n\n\n<h2 class=\"wp-block-heading\">Donn\u00e9es personnelles<\/h2>\n\n\n\n<h3 class=\"wp-block-heading\"><strong>Formulaires de contact<\/strong><\/h3>\n\n\n\n<p>L\u2019internaute peut \u00eatre amen\u00e9 \u00e0 fournir certaines donn\u00e9es personnelles en remplissant le(s) formulaire(s).<\/p>\n\n\n\n<p><br>La saisie de ces donn\u00e9es est n\u00e9cessaire au traitement de la demande d\u2019informations ou de la candidature de l\u2019internaute, par l\u2019Editeur.<br><br>L\u2019\u00c9diteur s\u2019engage \u00e0 respecter les dispositions de la loi n\u00b078-17 du 6 janvier 1978 relative \u00e0 l\u2019informatique, aux fichiers et aux libert\u00e9s modifi\u00e9es et au R\u00e8glement (UE) 2016\/679 du Parlement europ\u00e9en et du Conseil du 27 avril 2016 dit \u00ab RGPD \u00bb et prendre toute pr\u00e9caution n\u00e9cessaire pour pr\u00e9server la s\u00e9curit\u00e9 des informations nominatives confi\u00e9es.<\/p>\n\n\n\n<h3 class=\"wp-block-heading\"><strong>Responsable de traitement<\/strong><\/h3>\n\n\n\n<p>L\u2019\u00c9diteur traite les donn\u00e9es personnelles des internautes en qualit\u00e9 de responsable de traitement.<\/p>\n\n\n\n<h3 class=\"wp-block-heading\"><strong>Donn\u00e9es personnelles trait\u00e9es et finalit\u00e9s de traitement<\/strong><\/h3>\n\n\n\n<p>L\u2019\u00c9diteur recueille sur le site des donn\u00e9es personnelles d\u2019internautes ayant pris contact avec lui via le formulaire de recrutement (nom, pr\u00e9nom, t\u00e9l\u00e9phone, e-mail, lettre de motivation, curriculum-vitae) ou de contact en ligne (nom, pr\u00e9nom, t\u00e9l\u00e9phone et e-mail). Ces donn\u00e9es sont n\u00e9cessaires afin de r\u00e9pondre \u00e0 la sollicitation des internautes. Dans ce cadre, l\u2019Editeur traite uniquement les donn\u00e9es personnelles strictement n\u00e9cessaires \u00e0 la demande de l\u2019internaute.<br><br>La finalit\u00e9 de traitement de ces donn\u00e9es personnelles est de permettre \u00e0 L\u2019\u00c9diteur de r\u00e9pondre aux sollicitations des internautes (prise de contact ou recrutement).<br><br>L\u2019\u00c9diteur tient par \u00e9crit un registre de traitements des donn\u00e9es personnelles trait\u00e9es sur le site.<\/p>\n\n\n\n<h3 class=\"wp-block-heading\"><strong>Destinataires des donn\u00e9es personnelles<\/strong><\/h3>\n\n\n\n<p>Les donn\u00e9es personnelles collect\u00e9es sur le site sont trait\u00e9es uniquement par les membres de l\u2019\u00e9quipe de l\u2019\u00c9diteur.<br><br>Les donn\u00e9es personnelles sont stock\u00e9es sur des serveurs d\u2019h\u00e9bergement exclusivement situ\u00e9s dans l\u2019Union europ\u00e9enne et l\u2019Editeur s\u2019engage \u00e0 ne pas transf\u00e9rer les donn\u00e9es personnelles des internautes \u00e0 des h\u00e9bergeurs dans un pays tiers.<\/p>\n\n\n\n<h3 class=\"wp-block-heading\"><strong>Dur\u00e9e de conservation des donn\u00e9es personnelles<\/strong><\/h3>\n\n\n\n<p>L\u2019\u00c9diteur s\u2019engage \u00e0 conserver ces donn\u00e9es personnelles, sauf obligation l\u00e9gale ou r\u00e9glementaire contraire :<br><br>\u2013 pour une dur\u00e9e maximale de trois (3) ans \u00e0 compter du dernier contact avec l\u2019internaute ayant rempli le formulaire de contact, que ce dernier contact soit \u00e0 l\u2019initiative de l\u2019internaute ou de L\u2019\u00c9diteur (ex : envoi d\u2019une newsletter) ;<br>\u2013 pour une dur\u00e9e maximale de deux (2) ans \u00e0 compter du dernier contact avec l\u2019internaute ayant rempli le formulaire de recrutement, que ce dernier contact soit \u00e0 l\u2019initiative de l\u2019Editeur ou du l\u2019internaute candidat non recrut\u00e9 ;<br>\u2013 pour une dur\u00e9e maximale de cinq (5) ans \u00e0 compter du d\u00e9part du salari\u00e9 ou du stagiaire de l\u2019entreprise de l\u2019\u00c9diteur, dans le cas o\u00f9 l\u2019internaute aura fait l\u2019objet d\u2019un recrutement effectif par L\u2019\u00c9diteur.<br><br>\u00c0 l\u2019issue de cette dur\u00e9e ou en cas d\u2019exercice de ses droits par les internautes, l\u2019Editeur s\u2019engage \u00e0 d\u00e9truire toute copie des donn\u00e9es personnelles des internautes qu\u2019il d\u00e9tiendrait.<\/p>\n\n\n\n<h3 class=\"wp-block-heading\"><strong>S\u00e9curit\u00e9 des donn\u00e9es personnelles<\/strong><\/h3>\n\n\n\n<p>L\u2019\u00c9diteur s\u2019engage, au titre de son obligation de moyens, \u00e0 prendre toutes les pr\u00e9cautions utiles et met en \u0153uvre des mesures techniques et organisationnelles appropri\u00e9es en la mati\u00e8re pour garantir un niveau de s\u00e9curit\u00e9 adapt\u00e9 et pour prot\u00e9ger les donn\u00e9es personnelles des internautes contre les alt\u00e9rations, destructions et acc\u00e8s non autoris\u00e9s.<\/p>\n\n\n\n<h3 class=\"wp-block-heading\"><strong>Droits des internautes sur leurs donn\u00e9es personnelles<\/strong><\/h3>\n\n\n\n<p>Les internautes ont la possibilit\u00e9 d\u2019exercer leurs droits d\u2019acc\u00e8s, de rectification, d\u2019effacement, d\u2019opposition, de limitation du traitement, de portabilit\u00e9 de leurs donn\u00e9es personnelles et droit de ne pas faire l\u2019objet d\u2019une d\u00e9cision individuelle automatis\u00e9e (y compris le profilage), concernant les donn\u00e9es personnelles qu\u2019ils fournissent.<br>Pour exercer l\u2019un de ces droits, il convient d\u2019adresser \u00e0 cette adresse : contact@adaptio.fr<br>L\u2019\u00c9diteur s\u2019engage \u00e0 y r\u00e9pondre dans les meilleurs d\u00e9lais et au plus tard dans un d\u00e9lai d\u2019un mois \u00e0 compter de la r\u00e9ception de la demande.<br>Si les internautes consid\u00e8rent que le traitement de leurs donn\u00e9es personnelles constitue une violation de la l\u00e9gislation en vigueur, les internautes ont la possibilit\u00e9 d\u2019introduire une r\u00e9clamation aupr\u00e8s de la CNIL.<\/p>\n\n\n\n<h3 class=\"wp-block-heading\"><strong>Confidentialit\u00e9 des donn\u00e9es personnelles<\/strong><\/h3>\n\n\n\n<p>L\u2019\u00c9diteur garantit la confidentialit\u00e9 des donn\u00e9es personnelles trait\u00e9es et veille \u00e0 ce que les personnes autoris\u00e9es \u00e0 traiter lesdites donn\u00e9es personnelles s\u2019engagent \u00e9galement \u00e0 respecter cette obligation de confidentialit\u00e9.<\/p>\n\n\n\n<p>Nous utilisons Google Analytics, un service d\u2019analyse de site internet fourni par Google Inc. (\u00ab&nbsp;Google&nbsp;\u00bb). Google Analytics utilise des cookies pour aider le site internet \u00e0 analyser l\u2019utilisation du site par ses utilisateurs.<\/p>\n\n\n\n<h3 class=\"wp-block-heading\"><\/h3>\n\n\n\n<h2 class=\"wp-block-heading\">Cookies<\/h2>\n\n\n\n<p>Le terme de cookies d\u00e9signe l\u2019ensemble des fichiers stock\u00e9s sur un l\u2019ordinateur ou t\u00e9l\u00e9phone d\u2019un internaute, utilis\u00e9s pour faire fonctionner les sites Internet et\/ou pour collecter des informations sur la navigation dudit internaute.<br>Certains de ces cookies sont n\u00e9cessaires pour acc\u00e9der \u00e0 certaines fonctionnalit\u00e9s d\u2019un site. D\u2019autres cookies sont d\u2019utilit\u00e9 pratique pour l\u2019internaute.<br>Pour \u00eatre utilis\u00e9s, certains cookies n\u00e9cessitent le consentement pr\u00e9alable de l\u2019internaute, d\u2019autre non.<br>Les cookies exempt\u00e9s de consentement pr\u00e9alable sont ceux qui sont strictement n\u00e9cessaires \u00e0 la fourniture d\u2019un service express\u00e9ment demand\u00e9 par l\u2019internaute.<br>Il est possible pour l\u2019internaute de d\u00e9sactiver et\/ou effacer les cookies de son ordinateur, de sa tablette ou de son mobile gr\u00e2ce \u00e0 la gestion des param\u00e8tres de son navigateur.<br>Les instructions relatives \u00e0 la gestion et \u00e0 la d\u00e9sactivation des cookies, en fonction des navigateurs, sont les suivantes :<\/p>\n\n\n\n<h3 class=\"wp-block-heading\"><strong>Internet Explorer :<\/strong><\/h3>\n\n\n\n<ul class=\"wp-block-list\">\n<li>Cliquez sur le bouton \u00ab Outils \u00bb, puis sur \u00ab Options Internet \u00bb ;<\/li>\n\n\n\n<li>Cliquez sur \u00ab Confidentialit\u00e9 \u00bb, cliquez sur \u00ab Avanc\u00e9 \u00bb ;<\/li>\n\n\n\n<li>Dans la fen\u00eatre \u00ab Cookies \u00bb, s\u00e9lectionnez vos pr\u00e9f\u00e9rences.<\/li>\n<\/ul>\n\n\n\n<h3 class=\"wp-block-heading\"><strong>Google Chrome :<\/strong><\/h3>\n\n\n\n<ul class=\"wp-block-list\">\n<li>Cliquez sur le bouton \u00ab Menu \u00bb, puis \u00ab Param\u00e8tres \u00bb ;<\/li>\n\n\n\n<li>Cliquez sur le lien \u00ab Afficher les param\u00e8tres avanc\u00e9s \u00bb ;<\/li>\n\n\n\n<li>Dans la section \u00ab Confidentialit\u00e9 \u00bb, cliquez sur le bouton \u00ab Param\u00e8tres de contenu \u00bb ;<\/li>\n\n\n\n<li>Puis dans la section \u00ab Cookies \u00bb, s\u00e9lectionnez vos pr\u00e9f\u00e9rences.<\/li>\n<\/ul>\n\n\n\n<h3 class=\"wp-block-heading\"><strong>Mozilla Firefox :<\/strong><\/h3>\n\n\n\n<ul class=\"wp-block-list\">\n<li>Cliquez sur le bouton \u00ab Menu \u00bb, puis s\u00e9lectionnez \u00ab Options \/ Pr\u00e9f\u00e9rences \u00bb ;<\/li>\n\n\n\n<li>S\u00e9lectionnez \u00ab Vie priv\u00e9e \u00bb ;<\/li>\n\n\n\n<li>Dans la zone \u00ab Historique \u00bb, pour l\u2019option \u00ab R\u00e8gles de conservation \u00bb, s\u00e9lectionnez \u00ab utiliser les param\u00e8tres personnalis\u00e9s pour l\u2019historique \u00bb.<\/li>\n\n\n\n<li>Cochez ou d\u00e9cochez la case \u00ab Accepter les cookies \u00bb, puis s\u00e9lectionnez vos pr\u00e9f\u00e9rences.<\/li>\n<\/ul>\n\n\n\n<h3 class=\"wp-block-heading\"><strong>Safari :<\/strong><\/h3>\n\n\n\n<ul class=\"wp-block-list\">\n<li>Cliquez sur le menu Safari, puis sur \u00ab Pr\u00e9f\u00e9rences \u00bb.<\/li>\n\n\n\n<li>Cliquez sur l\u2019onglet \u00ab S\u00e9curit\u00e9 \u00bb.<\/li>\n\n\n\n<li>Dans la section \u00ab Bloquer les cookies \u00bb, s\u00e9lectionnez vos pr\u00e9f\u00e9rences.<\/li>\n<\/ul>\n\n\n\n<h2 class=\"wp-block-heading\">Propri\u00e9t\u00e9 intellectuelle<\/h2>\n\n\n\n<p>Les logiciels, les syst\u00e8mes, structures, architectures, infrastructures, bases de donn\u00e9es mis en \u0153uvre sur le site sont prot\u00e9g\u00e9s par des droits de propri\u00e9t\u00e9 intellectuelle en vigueur appartenant \u00e0 ladite soci\u00e9t\u00e9.<br><br>Les contenus du site incr\u00e9ment\u00e9s par L\u2019\u00c9diteur sur la maquette du site mis \u00e0 disposition par ADAPTIO (textes, images, visuels, logo et marques) sont prot\u00e9g\u00e9s par des droits de propri\u00e9t\u00e9 intellectuelle en vigueur appartenant \u00e0 L\u2019\u00c9diteur.<br><br>Toutes reproduction, repr\u00e9sentation, diffusion et utilisation de l\u2019un quelconque de ces \u00e9l\u00e9ments, y compris d\u00e9sassemblages, d\u00e9compilations, d\u00e9cryptages, extractions, t\u00e9l\u00e9chargement, r\u00e9utilisations, copies, en tout ou partie, sans l\u2019autorisation de ADAPTIO selon le cas sont strictement interdits, sous peine de poursuites judiciaires.<\/p>\n\n\n\n<h2 class=\"wp-block-heading\">Liens hypertextes<\/h2>\n\n\n\n<p>Les liens hypertextes \u00e9ventuellement mis en place dans le cadre du pr\u00e9sent site en direction d\u2019autres sites pr\u00e9sents sur le r\u00e9seau Internet, ne sauraient engager la responsabilit\u00e9 de l\u2019\u00c9diteur en ce qui concerne leur contenu ou les liens qu\u2019ils contiennent, ainsi que leurs conditions d\u2019exploitation (notamment gestion des donn\u00e9es personnelles, etc.).<br>La pr\u00e9sence \u00e9ventuelle de liens hypertextes pr\u00e9sents sur le site ne cr\u00e9e pas une solidarit\u00e9 de responsabilit\u00e9 entre l\u2019Editeur et les propri\u00e9taires des autres sites, quant au contenu des sites sur lesquels est redirig\u00e9 l\u2019internaute. Seule la responsabilit\u00e9 desdits sites peut \u00eatre engag\u00e9e.<\/p>\n\n\n\n<h2 class=\"wp-block-heading\">Exon\u00e9ration de la responsabilit\u00e9<\/h2>\n\n\n\n<p>L\u2019\u00c9diteur s\u2019engage \u00e0 faire ses meilleurs efforts pour que le site soit accessible \u00e0 tout moment.<br>N\u00e9anmoins, L\u2019\u00c9diteur d\u00e9cline toute responsabilit\u00e9 en cas de difficult\u00e9 d\u2019acc\u00e8s \u00e0 son site ou d\u2019interruptions dans la connexion, quelles qu\u2019en soient les causes.<br><br>Notamment, L\u2019\u00c9diteur se r\u00e9serve le droit de proc\u00e9der \u00e0 toute modification du site qu\u2019il jugera utile, et cela sans avertissement pr\u00e9alable et m\u00eame si l\u2019acc\u00e8s au site en est cons\u00e9quemment interrompu. De plus, L\u2019\u00c9diteur ne saurait \u00eatre tenu responsable des \u00e9ventuels dommages directs ou indirects, y compris l\u2019inaccessibilit\u00e9 au site, les pertes de donn\u00e9es, d\u00e9t\u00e9riorations, destructions ou virus qui pourraient affecter l\u2019\u00e9quipement informatique de l\u2019internaute, et\/ou de la pr\u00e9sence de virus sur son site.<\/p>\n\n\n\n<h2 class=\"wp-block-heading\">Loi applicable<\/h2>\n\n\n\n<p>Le contenu de ce site est r\u00e9gi par la loi fran\u00e7aise.<\/p>\n\n\n\n<h2 class=\"wp-block-heading\">Article des conditions g\u00e9n\u00e9rales de vente d\u00e9di\u00e9 au traitement des donn\u00e9es personnelles<\/h2>\n\n\n\n<h3 class=\"wp-block-heading\"><strong>ARTICLE 9 \u2013 Donn\u00e9es personnelles<\/strong><\/h3>\n\n\n\n<p>9.1. Traitement de donn\u00e9es personnelles par ADAPTIO et le Client en qualit\u00e9 de responsables de traitement dans le cadre de la commande et de l\u2019ex\u00e9cution des Prestations<\/p>\n\n\n\n<p>Dans le cadre de la commande et de l\u2019ex\u00e9cution des Prestations, le Client et ADAPTIO sont, en qualit\u00e9 de responsable de traitement, amen\u00e9s \u00e0 traiter pour leur propre compte, des donn\u00e9es personnelles de pr\u00e9pos\u00e9s, dirigeants, sous-traitants, agents et\/ou prestataires de l\u2019autre Partie (ex : nom, pr\u00e9nom, email, t\u00e9l\u00e9phone, etc.).<br><br>\u00c0 ce titre, chacune des Parties s\u2019engage, dans ce cadre, \u00e0 respecter la confidentialit\u00e9 et la s\u00e9curit\u00e9 de ces donn\u00e9es personnelles, conform\u00e9ment aux dispositions issues de la loi n\u00b078-17 du 6 janvier 1978 ainsi qu\u2019aux dispositions du RGPD.<br><br>Les pr\u00e9pos\u00e9s, dirigeants, sous-traitants, agents et\/ou prestataires de chacune des Parties dont les donn\u00e9es ont \u00e9t\u00e9 collect\u00e9es et trait\u00e9es par l\u2019autre dispose \u00e0 tout moment de la possibilit\u00e9 d\u2019exercer ses droits sur ses donn\u00e9es personnelles (droits d\u2019acc\u00e8s, de rectification, d\u2019effacement, d\u2019opposition, de limitation du traitement, de portabilit\u00e9 des donn\u00e9es personnelles et de ne pas faire l\u2019objet d\u2019une d\u00e9cision individuelle automatis\u00e9e).<br><br>Ces derniers disposent de la possibilit\u00e9 d\u2019introduire une r\u00e9clamation aupr\u00e8s de l\u2019autorit\u00e9 de contr\u00f4le comp\u00e9tente (www.cnil.fr). Ces donn\u00e9es personnelles sont conserv\u00e9es pendant une dur\u00e9e de trois (3) ans \u00e0 compter de la fin des Prestations, sauf dur\u00e9e plus longue conform\u00e9ment \u00e0 une obligation l\u00e9gale de conservation.<\/p>\n\n\n\n<p>9.2. Traitement des Donn\u00e9es Personnelles des internautes visitant le site du Client :<\/p>\n\n\n\n<p>9.2.1 \u2013 ADAPTIO, sous-traitante au sens du RGPD, est autoris\u00e9e \u00e0 traiter pour le compte du Client, les donn\u00e9es personnelles collect\u00e9es par le Client par le biais des formulaires de contact et de recrutement pr\u00e9sents sur le site de pr\u00e9sentation du Client. Les donn\u00e9es personnelles concern\u00e9es sont relatives notamment aux internautes et candidats au recrutement aupr\u00e8s du Client, et portent notamment sur les nom, pr\u00e9nom, adresse e-mail, num\u00e9ro de t\u00e9l\u00e9phone, curriculum-vitae et lettre de motivation.<br>La finalit\u00e9 de traitement de chacune des donn\u00e9es personnelles est d\u2019assurer la prise de contact et de renseignement de prospects et de permettre l\u2019envoi de candidatures spontan\u00e9es pour un emploi ou un stage par des internautes.<br>Elles sont conserv\u00e9es pour la dur\u00e9e pr\u00e9vue \u00e0 la politique de confidentialit\u00e9 du Client.<br>ADAPTIO doit tenir un registre \u00e9crit de tous les traitements de donn\u00e9es personnelles qu\u2019elle r\u00e9alise pour le compte du Client comprenant l\u2019ensemble des informations vis\u00e9es \u00e0 l\u2019article 30.2 du RGPD.<br><br>9.2.2 \u2013 ADAPTIO s\u2019engage \u00e0 :<br>a) traiter les donn\u00e9es personnelles des personnes concern\u00e9es uniquement aux fins de la poursuite des finalit\u00e9s d\u00e9finies par le Client ;<br>b) traiter les donn\u00e9es personnelles des personnes concern\u00e9es conform\u00e9ment aux instructions fournies par le Client ;<br>c) informer imm\u00e9diatement le Client, si la ou les nouvelles instructions fournies par lui constituent, selon elle, une violation de la r\u00e9glementation en vigueur en mati\u00e8re de donn\u00e9es personnelles ;<br>d) n\u2019effectuer le cas \u00e9ch\u00e9ant un transfert des donn\u00e9es personnelles hors Union Europ\u00e9enne, qu\u2019apr\u00e8s avoir obtenu l\u2019autorisation pr\u00e9alable \u00e9crite du Client et apr\u00e8s s\u2019\u00eatre assur\u00e9 que le niveau de protection dans ce pays est suffisant ;<br>e) veiller \u00e0 ce que les personnes ayant acc\u00e8s aux donn\u00e9es personnelles (ex : employ\u00e9s, sous-traitants autoris\u00e9s etc.) s\u2019engagent \u00e0 respecter la confidentialit\u00e9 ou soient soumises \u00e0 une obligation l\u00e9gale appropri\u00e9e de confidentialit\u00e9 ;<br>f) prendre en compte, s\u2019agissant de ses outils, produits, applications ou Prestations, les principes de protection des donn\u00e9es d\u00e8s la conception et de protection des donn\u00e9es par d\u00e9faut.<br>g) aider, le cas \u00e9ch\u00e9ant, le Client dans l\u2019\u00e9tablissement d\u2019analyses d\u2019impact des traitements envisag\u00e9s, et pour la r\u00e9alisation d\u2019audits et d\u2019inspections, en lui fournissant la documentation n\u00e9cessaire ;<br>h) recruter des sous-traitants dans les conditions pr\u00e9cis\u00e9es \u00e0 l\u2019article 9.2.3 ci-apr\u00e8s ;<br>i) supprimer ou renvoyer les donn\u00e9es personnelles au Client \u00e0 l\u2019issue du terme contractuel, et d\u00e9truire les copies existantes, sauf obligation l\u00e9gale ou r\u00e9glementaire de les conserver pendant un d\u00e9lai d\u00e9termin\u00e9 ;<br>j) informer le Client de toute inspection men\u00e9e par la CNIL dans la mesure o\u00f9 ces inspections concernent l\u2019objet des pr\u00e9sentes ;<br>k) apporter son concours au Client s\u2019il faisait l\u2019objet d\u2019une inspection par la CNIL.<br><br>9.2.3 \u2013ADAPTIO peut faire appel \u00e0 un autre sous-traitant pour mener des activit\u00e9s de traitement instruites par le Client. Dans ce cas, sa seule obligation consiste \u00e0 en informer pr\u00e9alablement par \u00e9crit le Client de tout changement envisag\u00e9 concernant l\u2019ajout ou le remplacement d\u2019autres sous-traitants.<br>Chaque sous-traitant est tenu de respecter les obligations du pr\u00e9sent article pour le compte et selon les instructions du Client. ADAPTIO s\u2019engage \u00e0 s\u2019assurer que chaque sous-traitant auquel elle aura recours pr\u00e9sente les garanties suffisantes quant au respect de la l\u00e9gislation en vigueur sur la protection des donn\u00e9es personnelles.<br>En cas de mauvaise ex\u00e9cution de ses obligations par le sous-traitant autoris\u00e9, ADAPTIO demeure pleinement responsable vis-\u00e0-vis du Client de l\u2019ex\u00e9cution par le sous-traitant de ses obligations.<br><br>9.2.4 \u2013 Le Client doit par lui-m\u00eame informer les personnes concern\u00e9es du traitement de leurs donn\u00e9es personnelles et de leurs droits. Une politique de confidentialit\u00e9 type est propos\u00e9e par d\u00e9faut sur la page des mentions l\u00e9gales pr\u00e9vue dans le site internet, le Client restant toutefois seul responsable de l\u2019ad\u00e9quation de celle-ci \u00e0 la l\u00e9gislation en mati\u00e8re de donn\u00e9es personnelles et \u00e0 son cas particulier.<br>Les personnes concern\u00e9es devront exercer leurs droits (droit d\u2019acc\u00e8s, de rectification, d\u2019effacement et d\u2019opposition, droit \u00e0 la limitation du traitement, droit \u00e0 la portabilit\u00e9 des donn\u00e9es, droit de ne pas faire l\u2019objet d\u2019une d\u00e9cision individuelle automatis\u00e9e (y compris profilage) directement aupr\u00e8s du Client.<br><br>9.2.5 \u2013 En cas de violation des donn\u00e9es personnelles (ex : failles de s\u00e9curit\u00e9), ADAPTIO s\u2019engage \u00e0 en informer le Client dans les meilleurs d\u00e9lais \u00e0 compter de sa connaissance, pour permettre au Client de la notifier \u00e0 la CNIL si ce dernier ne l\u2019a pas identifi\u00e9 pr\u00e9alablement.<br>Dans le m\u00eame d\u00e9lai, ADAPTIO s\u2019engage \u00e0 communiquer au Client toute pr\u00e9cision et documentation utile, en sa possession, lui permettant d\u2019\u00e9tayer sa notification aupr\u00e8s de la CNIL ainsi que l\u2019information de la personne concern\u00e9e. Cette documentation comporte au moins les informations suivantes :<br>la description de la nature de la violation de donn\u00e9es personnelles y compris, si possible, les cat\u00e9gories et le nombre approximatif de personnes concern\u00e9es par la violation et les cat\u00e9gories et le nombre approximatif d\u2019enregistrements de donn\u00e9es personnelles concern\u00e9s ;<br>la description des cons\u00e9quences probables de la violation de donn\u00e9es personnelles ;<br>la description des mesures prises ou qu\u2019elle propose de prendre pour rem\u00e9dier \u00e0 la violation de donn\u00e9es personnelles, y compris, le cas \u00e9ch\u00e9ant, les mesures pour en att\u00e9nuer les \u00e9ventuelles cons\u00e9quences n\u00e9gatives.<\/p>\n\n\n\n<h2 class=\"wp-block-heading\"><\/h2>\n","protected":false},"excerpt":{"rendered":"<p>\u00c9dition Ce site est \u00e9dit\u00e9 par :ADAPTIO (ci-apr\u00e8s \u00ab l\u2019Editeur \u00bb)SAS au capital de 1000\u20ac5 BOULEVARD DU 11 NOVEMBRE 76140 LE PETIT-QUEVILLYT\u00e9l\u00e9phone : 06 65 18 32 11TVA intracommunautaire : FR67988600706Le Directeur de la publication est Monsieur Nicolas DUBOC : contact@adaptio.fr L\u2019\u00c9diteur exerce une activit\u00e9 r\u00e9glement\u00e9e d\u2019expertise comptable en France, et est \u00e0 ce titre [&hellip;]<\/p>\n","protected":false},"author":1,"featured_media":0,"parent":0,"menu_order":0,"comment_status":"closed","ping_status":"closed","template":"","meta":{"_et_pb_use_builder":"off","_et_pb_old_content":"","_et_gb_content_width":"","footnotes":""},"class_list":["post-178","page","type-page","status-publish","hentry"],"_links":{"self":[{"href":"https:\/\/adaptio.fr\/index.php\/wp-json\/wp\/v2\/pages\/178","targetHints":{"allow":["GET"]}}],"collection":[{"href":"https:\/\/adaptio.fr\/index.php\/wp-json\/wp\/v2\/pages"}],"about":[{"href":"https:\/\/adaptio.fr\/index.php\/wp-json\/wp\/v2\/types\/page"}],"author":[{"embeddable":true,"href":"https:\/\/adaptio.fr\/index.php\/wp-json\/wp\/v2\/users\/1"}],"replies":[{"embeddable":true,"href":"https:\/\/adaptio.fr\/index.php\/wp-json\/wp\/v2\/comments?post=178"}],"version-history":[{"count":3,"href":"https:\/\/adaptio.fr\/index.php\/wp-json\/wp\/v2\/pages\/178\/revisions"}],"predecessor-version":[{"id":340,"href":"https:\/\/adaptio.fr\/index.php\/wp-json\/wp\/v2\/pages\/178\/revisions\/340"}],"wp:attachment":[{"href":"https:\/\/adaptio.fr\/index.php\/wp-json\/wp\/v2\/media?parent=178"}],"curies":[{"name":"wp","href":"https:\/\/api.w.org\/{rel}","templated":true}]}}